{"id":17826,"date":"2024-10-15T08:41:22","date_gmt":"2024-10-15T08:41:22","guid":{"rendered":"https:\/\/ancestralis.co\/faq\/"},"modified":"2025-03-12T09:43:21","modified_gmt":"2025-03-12T09:43:21","slug":"faq","status":"publish","type":"page","link":"https:\/\/ancestralis.co\/nl\/faq\/","title":{"rendered":"FAQ"},"content":{"rendered":"\t\t<div data-elementor-type=\"wp-page\" data-elementor-id=\"17826\" class=\"elementor elementor-17826 elementor-15598\" data-elementor-post-type=\"page\">\n\t\t\t\t<div class=\"wd-negative-gap elementor-element elementor-element-6fac7fe e-flex e-con-boxed e-con e-parent\" data-id=\"6fac7fe\" data-element_type=\"container\">\n\t\t\t\t\t<div class=\"e-con-inner\">\n\t\t\t\t<div class=\"elementor-element elementor-element-eef7dbf elementor-widget elementor-widget-template\" data-id=\"eef7dbf\" data-element_type=\"widget\" data-widget_type=\"template.default\">\n\t\t\t\t<div class=\"elementor-widget-container\">\n\t\t\t\t\t<div class=\"elementor-template\">\n\t\t\t\t\t<div data-elementor-type=\"container\" data-elementor-id=\"17721\" class=\"elementor elementor-17721 elementor-15987\" data-elementor-post-type=\"elementor_library\">\n\t\t\t\t<div class=\"wd-negative-gap elementor-element elementor-element-2b733bcc breadcrumbs-bar e-flex e-con-boxed e-con e-parent\" data-id=\"2b733bcc\" data-element_type=\"container\">\n\t\t\t\t\t<div class=\"e-con-inner\">\n\t\t\t\t<div class=\"elementor-element elementor-element-bb1f041 elementor-widget elementor-widget-shortcode\" data-id=\"bb1f041\" data-element_type=\"widget\" data-widget_type=\"shortcode.default\">\n\t\t\t\t<div class=\"elementor-widget-container\">\n\t\t\t\t\t<div class=\"elementor-shortcode\"><nav aria-label=\"breadcrumbs\" class=\"rank-math-breadcrumb\"><p><span class=\"last\">Home<\/span><\/p><\/nav><\/div>\n\t\t\t\t<\/div>\n\t\t\t\t<\/div>\n\t\t\t\t\t<\/div>\n\t\t\t\t<\/div>\n\t\t\t\t<\/div>\n\t\t\t\t<\/div>\n\t\t\t\t<\/div>\n\t\t\t\t<\/div>\n\t\t\t\t\t<\/div>\n\t\t\t\t<\/div>\n\t\t<div class=\"wd-negative-gap elementor-element elementor-element-2e43fa07 e-flex e-con-boxed e-con e-parent\" data-id=\"2e43fa07\" data-element_type=\"container\">\n\t\t\t\t\t<div class=\"e-con-inner\">\n\t\t\t\t\t<\/div>\n\t\t\t\t<\/div>\n\t\t<div class=\"wd-negative-gap elementor-element elementor-element-0ee8de4 e-flex e-con-boxed e-con e-parent\" data-id=\"0ee8de4\" data-element_type=\"container\">\n\t\t\t\t\t<div class=\"e-con-inner\">\n\t\t\t\t<div class=\"elementor-element elementor-element-bd164d4 color-scheme-inherit text-left elementor-widget elementor-widget-text-editor\" data-id=\"bd164d4\" data-element_type=\"widget\" data-widget_type=\"text-editor.default\">\n\t\t\t\t<div class=\"elementor-widget-container\">\n\t\t\t\t\t\t\t<p>Op deze pagina vind je antwoorden op veelgestelde vragen over onze producten op basis van talk, zoals de voordelen en het gebruik ervan en hoe ze je natuurlijke huidverzorgings- en wellnessroutine kunnen verbeteren.<\/p><p>Kun je nog steeds niet vinden wat je zoekt? Laat gerust een bericht achter op <a href=\"https:\/\/ancestralis.co\/nl\/neem-contact-met-ons-op\/\">onze contactpagina<\/a>.   <\/p>\t\t\t\t\t\t<\/div>\n\t\t\t\t<\/div>\n\t\t\t\t<div class=\"elementor-element elementor-element-55f068f elementor-widget elementor-widget-wd_accordion\" data-id=\"55f068f\" data-element_type=\"widget\" data-widget_type=\"wd_accordion.default\">\n\t\t\t\t<div class=\"elementor-widget-container\">\n\t\t\t\n\t\t<div class=\"wd-accordion wd-style-default\" data-state=\"first\">\n\t\t\t\t\t\t\t\n\t\t\t\t<div class=\"wd-accordion-item\">\n\t\t\t\t\t<div class=\"wd-accordion-title wd-active text-left wd-opener-pos-left\" data-accordion-index=\"0\">\n\t\t\t\t\t\t<div class=\"wd-accordion-title-text\">\n\t\t\t\t\t\t\t\t\t\t\t\t\t\t<span>\n\t\t\t\t\t\t\t\tWaarin verschilt talkcr\u00e8me van conventionele cosmetica?\t\t\t\t\t\t\t<\/span>\n\t\t\t\t\t\t<\/div>\n\t\t\t\t\t\t<span class=\"wd-accordion-opener wd-opener-style-arrow\"><\/span>\n\t\t\t\t\t<\/div>\n\n\t\t\t\t\t<div class=\"wd-accordion-content reset-last-child wd-active\" data-accordion-index=\"0\">\n\t\t\t\t\t\t\t\t\t\t\t\t\t\n\t\t\t\t\t\t\t<p>Tallow cr\u00e8me is gemaakt van het gesmolten vet van grasgevoed vee, wat een rijke mix van natuurlijke voedingsstoffen biedt in hun meest opneembare vorm. Daarom zit talkvet boordevol vitamines (A, D, K en E) en essenti\u00eble vetzuren die ongelooflijk goed samengaan met menselijke huid. Ze helpen met hydratatie, elasticiteit en voeding. Deze synergie komt doordat de samenstelling van talkvet lijkt op het natuurlijke talg van onze eigen huid, waardoor het super effectief is voor huidregeneratie en -balans.  <\/p><p>Aan de andere kant zitten veel gewone cosmetica vol met synthetische ingredi\u00ebnten, conserveringsmiddelen en stabilisatoren. Daar zitten vaak parabenen, ftalaten en geurtjes in die de gezondheid van je huid kunnen verstoren door pori\u00ebn te verstoppen, irritatie te veroorzaken of zelfs de natuurlijke oli\u00ebn van je huid weg te strippen. Hoewel deze toevoegingen producten een gladdere textuur of langere houdbaarheid kunnen geven, doen ze niet per se iets goeds voor je huid op cellulair niveau zoals voedingsrijk talkvet dat wel doet. Tallow is ook vrij van onnodige bewerking en biedt een puurder, meer oeroud aanpak van huidverzorging.   <\/p>\n\t\t\t\t\t\t\t\t\t\t\t\t\t\t\t\t\t\t<\/div>\n\t\t\t\t<\/div>\n\t\t\t\t\t\t\t\n\t\t\t\t<div class=\"wd-accordion-item\">\n\t\t\t\t\t<div class=\"wd-accordion-title text-left wd-opener-pos-left\" data-accordion-index=\"1\">\n\t\t\t\t\t\t<div class=\"wd-accordion-title-text\">\n\t\t\t\t\t\t\t\t\t\t\t\t\t\t<span>\n\t\t\t\t\t\t\t\tWaarom gebruik je biologische extra vierge olijfolie en rauwe honing in je talgcr\u00e8me?\t\t\t\t\t\t\t<\/span>\n\t\t\t\t\t\t<\/div>\n\t\t\t\t\t\t<span class=\"wd-accordion-opener wd-opener-style-arrow\"><\/span>\n\t\t\t\t\t<\/div>\n\n\t\t\t\t\t<div class=\"wd-accordion-content reset-last-child\" data-accordion-index=\"1\">\n\t\t\t\t\t\t\t\t\t\t\t\t\t\n\t\t\t\t\t\t\t<p>Op Ancestralis hebben we zorgvuldig biologische extra vierge olijfolie en rauwe honing geselecteerd om de natuurlijke voordelen van onze talgcr\u00e8me te versterken. In tegenstelling tot balsems, die dik of zwaar kunnen aanvoelen, is onze cr\u00e8me luxueus zacht en licht. Door talk te mengen met slechts een klein beetje olijfolie, cre\u00ebren we een romige textuur die gemakkelijk uitsmeert en mooi absorbeert, waardoor je huid zacht, gehydrateerd en nooit vet aanvoelt. Olijfolie is rijk aan antioxidanten en vetzuren die de natuurlijke barri\u00e8re van de huid ondersteunen, waardoor de voedende eigenschappen van talk nog beter tot hun recht komen.   <br><br>Rauwe honing voegt een speciaal tintje toe. Honing staat bekend om zijn natuurlijke vochtvasthoudende eigenschappen en trekt vocht naar de huid, waardoor deze langer gehydrateerd blijft. Honing heeft ook antibacteri\u00eble en ontstekingsremmende eigenschappen, die je huid kunnen helpen kalmeren en beschermen, waardoor het een perfecte toevoeging is aan onze formule. De combinatie van deze ingredi\u00ebnten zorgt voor een rijke, fluweelzachte cr\u00e8me die je elke dag met plezier zult gebruiken!   <span style=\"font-size: 18px; text-align: var(--text-align); background-color: var(--wd-main-bgcolor); color: var(--wd-text-color);\"><\/span><\/p>\n\t\t\t\t\t\t\t\t\t\t\t\t\t\t\t\t\t\t<\/div>\n\t\t\t\t<\/div>\n\t\t\t\t\t\t\t\n\t\t\t\t<div class=\"wd-accordion-item\">\n\t\t\t\t\t<div class=\"wd-accordion-title text-left wd-opener-pos-left\" data-accordion-index=\"2\">\n\t\t\t\t\t\t<div class=\"wd-accordion-title-text\">\n\t\t\t\t\t\t\t\t\t\t\t\t\t\t<span>\n\t\t\t\t\t\t\t\tHoe zorg je ervoor dat je producten vrij zijn van plastic?\t\t\t\t\t\t\t<\/span>\n\t\t\t\t\t\t<\/div>\n\t\t\t\t\t\t<span class=\"wd-accordion-opener wd-opener-style-arrow\"><\/span>\n\t\t\t\t\t<\/div>\n\n\t\t\t\t\t<div class=\"wd-accordion-content reset-last-child\" data-accordion-index=\"2\">\n\t\t\t\t\t\t\t\t\t\t\t\t\t\n\t\t\t\t\t\t\t<p>Op Ancestralis doen we er alles aan om onze producten zo puur en natuurlijk mogelijk te houden. Onze talgcr\u00e8me wordt gemaakt zonder plastic containers of apparatuur, waardoor het risico van interactie met plastic wordt ge\u00eblimineerd - vooral tijdens de fasen waarbij warmte of wrijving een rol spelen, waardoor plastic zou kunnen lekken. <\/p><p>Voor de verpakking gebruiken we glazen potten met een hard plastic deksel. We geloven dat deze keuze geen problemen oplevert, omdat er geen hitte of wrijving is die tot uitloging zou kunnen leiden. Om absolute veiligheid en duurzaamheid te garanderen, streven we er echter naar om over te stappen op waterdichte metalen of houten deksels zodra deze algemeen verkrijgbaar en geschikt zijn voor onze producten.  <\/p>\n\t\t\t\t\t\t\t\t\t\t\t\t\t\t\t\t\t\t<\/div>\n\t\t\t\t<\/div>\n\t\t\t\t\t<\/div>\n\t\t\t\t<\/div>\n\t\t\t\t<\/div>\n\t\t\t\t\t<\/div>\n\t\t\t\t<\/div>\n\t\t\t\t<\/div>\n\t\t","protected":false},"excerpt":{"rendered":"<p>Op deze pagina vind je antwoorden op veelgestelde vragen over onze producten op basis van talk, zoals de voordelen en<\/p>\n","protected":false},"author":1,"featured_media":0,"parent":0,"menu_order":0,"comment_status":"closed","ping_status":"closed","template":"elementor_header_footer","meta":{"_acf_changed":false,"inline_featured_image":false,"footnotes":""},"class_list":["post-17826","page","type-page","status-publish","hentry"],"acf":[],"jetpack_sharing_enabled":true,"_links":{"self":[{"href":"https:\/\/ancestralis.co\/nl\/wp-json\/wp\/v2\/pages\/17826","targetHints":{"allow":["GET"]}}],"collection":[{"href":"https:\/\/ancestralis.co\/nl\/wp-json\/wp\/v2\/pages"}],"about":[{"href":"https:\/\/ancestralis.co\/nl\/wp-json\/wp\/v2\/types\/page"}],"author":[{"embeddable":true,"href":"https:\/\/ancestralis.co\/nl\/wp-json\/wp\/v2\/users\/1"}],"replies":[{"embeddable":true,"href":"https:\/\/ancestralis.co\/nl\/wp-json\/wp\/v2\/comments?post=17826"}],"version-history":[{"count":0,"href":"https:\/\/ancestralis.co\/nl\/wp-json\/wp\/v2\/pages\/17826\/revisions"}],"wp:attachment":[{"href":"https:\/\/ancestralis.co\/nl\/wp-json\/wp\/v2\/media?parent=17826"}],"curies":[{"name":"wp","href":"https:\/\/api.w.org\/{rel}","templated":true}]}}